{"id":171,"date":"2013-12-12T16:14:20","date_gmt":"2013-12-12T14:14:20","guid":{"rendered":"http:\/\/veebimeedia.ee\/kraana2\/?page_id=171"},"modified":"2022-08-25T15:41:28","modified_gmt":"2022-08-25T15:41:28","slug":"%d0%b3%d1%80%d1%83%d0%b7%d0%be%d0%bf%d0%be%d0%b4%d1%8c%d0%b5%d0%bc%d0%bd%d0%b0%d1%8f-%d1%82%d0%b5%d1%85%d0%bd%d0%b8%d0%ba%d0%b0","status":"publish","type":"page","link":"https:\/\/kraana2.ee\/ru\/%d0%b3%d1%80%d1%83%d0%b7%d0%be%d0%bf%d0%be%d0%b4%d1%8c%d0%b5%d0%bc%d0%bd%d0%b0%d1%8f-%d1%82%d0%b5%d1%85%d0%bd%d0%b8%d0%ba%d0%b0\/","title":{"rendered":"\u0413\u0440\u0443\u0437\u043e\u043f\u043e\u0434\u044c\u0435\u043c\u043d\u0430\u044f \u0442\u0435\u0445\u043d\u0438\u043a\u0430"},"content":{"rendered":"<h1>Teleskoopt\u00f5stuk<\/h1>\n<p><a href=\"http:\/\/www.kraana2.ee\/wp-content\/uploads\/2013\/12\/sisu_61_thumb.jpg\"><img fetchpriority=\"high\" decoding=\"async\" class=\"size-full wp-image-76 alignright\" src=\"http:\/\/www.kraana2.ee\/wp-content\/uploads\/2013\/12\/sisu_61_thumb.jpg\" alt=\"sisu_61_thumb\" width=\"200\" height=\"270\"><\/a><strong>MANITOU 1740<\/strong> Tehnilised andmed: T\u00f5stej\u00f5ud 4000 kg T\u00f5stek\u00f5rgus 16,5 m Transport pikkus 5,95 m laius 2,43 m tugijalgade siruulatus 3,82 m k\u00f5rgus 2,77 m P\u00f6\u00f6rderaadius 5,7 m<\/p>\n","protected":false},"excerpt":{"rendered":"<p>Teleskoopt\u00f5stuk MANITOU 1740 Tehnilised andmed: T\u00f5stej\u00f5ud 4000 kg T\u00f5stek\u00f5rgus 16,5 m Transport pikkus 5,95 m laius 2,43 m tugijalgade siruulatus 3,82 m k\u00f5rgus 2,77 m P\u00f6\u00f6rderaadius 5,7 m<\/p>\n","protected":false},"author":2,"featured_media":0,"parent":0,"menu_order":0,"comment_status":"closed","ping_status":"open","template":"","meta":{"_acf_changed":false,"footnotes":""},"class_list":["post-171","page","type-page","status-publish","hentry"],"acf":[],"_links":{"self":[{"href":"https:\/\/kraana2.ee\/ru\/wp-json\/wp\/v2\/pages\/171","targetHints":{"allow":["GET"]}}],"collection":[{"href":"https:\/\/kraana2.ee\/ru\/wp-json\/wp\/v2\/pages"}],"about":[{"href":"https:\/\/kraana2.ee\/ru\/wp-json\/wp\/v2\/types\/page"}],"author":[{"embeddable":true,"href":"https:\/\/kraana2.ee\/ru\/wp-json\/wp\/v2\/users\/2"}],"replies":[{"embeddable":true,"href":"https:\/\/kraana2.ee\/ru\/wp-json\/wp\/v2\/comments?post=171"}],"version-history":[{"count":1,"href":"https:\/\/kraana2.ee\/ru\/wp-json\/wp\/v2\/pages\/171\/revisions"}],"predecessor-version":[{"id":654,"href":"https:\/\/kraana2.ee\/ru\/wp-json\/wp\/v2\/pages\/171\/revisions\/654"}],"wp:attachment":[{"href":"https:\/\/kraana2.ee\/ru\/wp-json\/wp\/v2\/media?parent=171"}],"curies":[{"name":"wp","href":"https:\/\/api.w.org\/{rel}","templated":true}]}}