{"id":182,"date":"2013-12-06T23:22:55","date_gmt":"2013-12-06T23:22:55","guid":{"rendered":"http:\/\/veebimeedia.ee\/kraana2\/?page_id=182"},"modified":"2025-03-21T06:39:31","modified_gmt":"2025-03-21T06:39:31","slug":"30%d1%82-%d1%82%d0%b5%d1%80%d0%b5%d1%85-%d0%b4%d0%b5%d0%bc%d0%b0%d0%b3-%d0%b0%d1%8130-%d1%81%d0%b8%d1%82%d0%b8","status":"publish","type":"page","link":"https:\/\/kraana2.ee\/ru\/%d0%b0%d1%80%d0%b5%d0%bd%d0%b4%d0%b0-%d0%b0%d0%b2%d1%82%d0%be%d0%ba%d1%80%d0%b0%d0%bd%d0%be%d0%b2-%d0%b8-%d0%bf%d0%be%d0%b4%d1%8a%d1%91%d0%bc%d0%bd%d0%be%d0%b9-%d1%82%d0%b5%d1%85%d0%bd%d0%b8%d0%ba\/30%d1%82-%d1%82%d0%b5%d1%80%d0%b5%d1%85-%d0%b4%d0%b5%d0%bc%d0%b0%d0%b3-%d0%b0%d1%8130-%d1%81%d0%b8%d1%82%d0%b8\/","title":{"rendered":"30t Terex-Demag AC30 City"},"content":{"rendered":"\t\t<div data-elementor-type=\"wp-page\" data-elementor-id=\"182\" class=\"elementor elementor-182 elementor-22\" data-elementor-post-type=\"page\">\n\t\t\t\t\t\t<section class=\"elementor-section elementor-top-section elementor-element elementor-element-1676261 elementor-reverse-mobile elementor-section-boxed elementor-section-height-default elementor-section-height-default\" data-id=\"1676261\" data-element_type=\"section\" data-e-type=\"section\">\n\t\t\t\t\t\t<div class=\"elementor-container elementor-column-gap-default\">\n\t\t\t\t\t<div class=\"elementor-column elementor-col-100 elementor-top-column elementor-element elementor-element-553859e\" data-id=\"553859e\" data-element_type=\"column\" data-e-type=\"column\">\n\t\t\t<div class=\"elementor-widget-wrap elementor-element-populated\">\n\t\t\t\t\t\t<section class=\"elementor-section elementor-inner-section elementor-element elementor-element-53cee11 elementor-section-boxed elementor-section-height-default elementor-section-height-default\" data-id=\"53cee11\" data-element_type=\"section\" data-e-type=\"section\">\n\t\t\t\t\t\t<div class=\"elementor-container elementor-column-gap-default\">\n\t\t\t\t\t<div class=\"elementor-column elementor-col-50 elementor-inner-column elementor-element elementor-element-4468655\" data-id=\"4468655\" data-element_type=\"column\" data-e-type=\"column\">\n\t\t\t<div class=\"elementor-widget-wrap elementor-element-populated\">\n\t\t\t\t\t\t<div class=\"elementor-element elementor-element-44c432be elementor-widget elementor-widget-text-editor\" data-id=\"44c432be\" data-element_type=\"widget\" data-e-type=\"widget\" data-widget_type=\"text-editor.default\">\n\t\t\t\t<div class=\"elementor-widget-container\">\n\t\t\t\t\t\t\t\t\t<p>T\u00f5stev\u00f5ime: 30t<br \/>P\u00f5hinool: 25,0m<br \/>Lisanool: 13.0m<br \/>Pikkus: 8,38m<br \/>Laius: 2,5m<br \/>K\u00f5rgus: 3,19m<br \/>Tugik\u00e4ppade vahe: 5,9m<\/p>\n<p><a href=\"https:\/\/kraana2.ee\/wp-content\/uploads\/2022\/12\/82.Terex-Demag-AC-30-City-nooleulatus.jpg\">Nooleulatuse graafik<\/a><br \/><a href=\"https:\/\/kraana2.ee\/wp-content\/uploads\/2022\/12\/83.Terex-Demag-AC-30-City-moodud.jpg\">M\u00f5\u00f5dud<\/a><br \/><a href=\"https:\/\/kraana2.ee\/wp-content\/uploads\/2022\/12\/84.Terex-Demag-AC-30-City-tostetabel.jpg\">T\u00f5stetabel<\/a><\/p>\n\t\t\t\t\t\t\t\t<\/div>\n\t\t\t\t<\/div>\n\t\t\t\t\t<\/div>\n\t\t<\/div>\n\t\t\t\t<div class=\"elementor-column elementor-col-50 elementor-inner-column elementor-element elementor-element-8dda7a7\" data-id=\"8dda7a7\" data-element_type=\"column\" data-e-type=\"column\">\n\t\t\t<div class=\"elementor-widget-wrap elementor-element-populated\">\n\t\t\t\t\t\t<div class=\"elementor-element elementor-element-3e7cb0b elementor-widget elementor-widget-image\" data-id=\"3e7cb0b\" data-element_type=\"widget\" data-e-type=\"widget\" data-widget_type=\"image.default\">\n\t\t\t\t<div class=\"elementor-widget-container\">\n\t\t\t\t\t\t\t\t\t\t\t\t\t\t\t\t<a href=\"https:\/\/kraana2.ee\/wp-content\/uploads\/2013\/12\/sisu_46.jpg\" data-elementor-open-lightbox=\"yes\" data-elementor-lightbox-title=\"sisu_46\" data-e-action-hash=\"#elementor-action%3Aaction%3Dlightbox%26settings%3DeyJpZCI6NjA5LCJ1cmwiOiJodHRwczpcL1wva3JhYW5hMi5lZVwvd3AtY29udGVudFwvdXBsb2Fkc1wvMjAxM1wvMTJcL3Npc3VfNDYuanBnIn0%3D\">\n\t\t\t\t\t\t\t<img fetchpriority=\"high\" decoding=\"async\" width=\"390\" height=\"275\" src=\"https:\/\/kraana2.ee\/wp-content\/uploads\/2013\/12\/sisu_46.jpg\" class=\"attachment-full size-full wp-image-609\" alt=\"\" srcset=\"https:\/\/kraana2.ee\/wp-content\/uploads\/2013\/12\/sisu_46.jpg 390w, https:\/\/kraana2.ee\/wp-content\/uploads\/2013\/12\/sisu_46-300x212.jpg 300w\" sizes=\"(max-width: 390px) 100vw, 390px\" \/>\t\t\t\t\t\t\t\t<\/a>\n\t\t\t\t\t\t\t\t\t\t\t\t\t\t\t<\/div>\n\t\t\t\t<\/div>\n\t\t\t\t\t<\/div>\n\t\t<\/div>\n\t\t\t\t\t<\/div>\n\t\t<\/section>\n\t\t\t\t<div class=\"elementor-element elementor-element-fb37c68 elementor-widget elementor-widget-text-editor\" data-id=\"fb37c68\" data-element_type=\"widget\" data-e-type=\"widget\" data-widget_type=\"text-editor.default\">\n\t\t\t\t<div class=\"elementor-widget-container\">\n\t\t\t\t\t\t\t\t\t<\/p>\n<div class=\"tablescroll\">\n<table>\n<tbody>\n<tr>\n<th>\u0414\u043b\u0438\u043d\u0430 \u0441\u0442\u0440\u0435\u043b\u044b (\u043c)<\/th>\n<th rowspan=\"2\">7.5<\/th>\n<th rowspan=\"2\">11.9<\/th>\n<th rowspan=\"2\">16.3<\/th>\n<th rowspan=\"2\">20.7<\/th>\n<th rowspan=\"2\">25<\/th>\n<\/tr>\n<tr>\n<th>\u0412\u044b\u043b\u0435\u0442(\u043c)<\/th>\n<\/tr>\n<tr>\n<th>2.7<\/th>\n<td>30<\/td>\n<td> <\/td>\n<td> <\/td>\n<td> <\/td>\n<td> <\/td>\n<\/tr>\n<tr>\n<th>3<\/th>\n<td>24.7<\/td>\n<td>16<\/td>\n<td>16<\/td>\n<td> <\/td>\n<td> <\/td>\n<\/tr>\n<tr>\n<th>3.5<\/th>\n<td>22.3<\/td>\n<td>16<\/td>\n<td>16<\/td>\n<td>13<\/td>\n<td> <\/td>\n<\/tr>\n<tr>\n<th>4<\/th>\n<td>20.3<\/td>\n<td>16<\/td>\n<td>16<\/td>\n<td>13<\/td>\n<td> <\/td>\n<\/tr>\n<tr>\n<th>4.5<\/th>\n<td> 18.3<\/td>\n<td>16<\/td>\n<td>16<\/td>\n<td>13<\/td>\n<td> <\/td>\n<\/tr>\n<tr>\n<th>5<\/th>\n<td> <\/td>\n<td>16<\/td>\n<td>15.8<\/td>\n<td>13<\/td>\n<td>9<\/td>\n<\/tr>\n<tr>\n<th>6<\/th>\n<td> <\/td>\n<td> 13.6<\/td>\n<td>13.6<\/td>\n<td>12.2<\/td>\n<td>9<\/td>\n<\/tr>\n<tr>\n<th>7<\/th>\n<td> <\/td>\n<td> 10.5<\/td>\n<td>10.7<\/td>\n<td>10<\/td>\n<td>8.8<\/td>\n<\/tr>\n<tr>\n<th>8<\/th>\n<td> <\/td>\n<td> 8.2<\/td>\n<td> 8.4<\/td>\n<td>8.4<\/td>\n<td>7.8<\/td>\n<\/tr>\n<tr>\n<th>9<\/th>\n<td> <\/td>\n<td> 6.7<\/td>\n<td> 6.8<\/td>\n<td>6.9<\/td>\n<td>6.7<\/td>\n<\/tr>\n<tr>\n<th>10<\/th>\n<td> <\/td>\n<td> <\/td>\n<td> 5.7<\/td>\n<td> 5.8<\/td>\n<td>5.8<\/td>\n<\/tr>\n<tr>\n<th>11<\/th>\n<td> <\/td>\n<td> <\/td>\n<td> 4.8<\/td>\n<td> 4.9<\/td>\n<td>4.9<\/td>\n<\/tr>\n<tr>\n<th>12<\/th>\n<td> <\/td>\n<td> <\/td>\n<td> 4.1<\/td>\n<td> 4.2<\/td>\n<td>4.2<\/td>\n<\/tr>\n<tr>\n<th>13<\/th>\n<td> <\/td>\n<td> <\/td>\n<td> 3.6<\/td>\n<td> 3.7<\/td>\n<td>3.7<\/td>\n<\/tr>\n<tr>\n<th>14<\/th>\n<td> <\/td>\n<td> <\/td>\n<td> <\/td>\n<td> 3.2<\/td>\n<td>3.2<\/td>\n<\/tr>\n<tr>\n<th>15<\/th>\n<td> <\/td>\n<td> <\/td>\n<td> <\/td>\n<td> 2.8<\/td>\n<td>2.9<\/td>\n<\/tr>\n<tr>\n<th>16<\/th>\n<td> <\/td>\n<td> <\/td>\n<td> <\/td>\n<td> 2.5<\/td>\n<td>2.5<\/td>\n<\/tr>\n<tr>\n<th>17<\/th>\n<td> <\/td>\n<td> <\/td>\n<td> <\/td>\n<td> 2.3<\/td>\n<td>2.3<\/td>\n<\/tr>\n<tr>\n<th>18<\/th>\n<td> <\/td>\n<td> <\/td>\n<td> <\/td>\n<td> <\/td>\n<td>2<\/td>\n<\/tr>\n<tr>\n<th>19<\/th>\n<td> <\/td>\n<td> <\/td>\n<td> <\/td>\n<td> <\/td>\n<td>1.8<\/td>\n<\/tr>\n<tr>\n<th>20<\/th>\n<td> <\/td>\n<td> <\/td>\n<td> <\/td>\n<td> <\/td>\n<td>1.6<\/td>\n<\/tr>\n<tr>\n<th>21<\/th>\n<td> <\/td>\n<td> <\/td>\n<td> <\/td>\n<td> <\/td>\n<td>1.4<\/td>\n<\/tr>\n<tr>\n<th>22<\/th>\n<td> <\/td>\n<td> <\/td>\n<td> <\/td>\n<td> <\/td>\n<td>1.3<\/td>\n<\/tr>\n<\/tbody>\n<\/table>\n<\/div>\n\t\t\t\t\t\t\t\t<\/div>\n\t\t\t\t<\/div>\n\t\t\t\t\t<\/div>\n\t\t<\/div>\n\t\t\t\t\t<\/div>\n\t\t<\/section>\n\t\t\t\t<\/div>\n\t\t","protected":false},"excerpt":{"rendered":"<p>T\u00f5stev\u00f5ime: 30tP\u00f5hinool: 25,0mLisanool: 13.0mPikkus: 8,38mLaius: 2,5mK\u00f5rgus: 3,19mTugik\u00e4ppade vahe: 5,9m Nooleulatuse graafikM\u00f5\u00f5dudT\u00f5stetabel \u0414\u043b\u0438\u043d\u0430 \u0441\u0442\u0440\u0435\u043b\u044b (\u043c) 7.5 11.9 16.3 20.7 25 \u0412\u044b\u043b\u0435\u0442(\u043c) 2.7 30 3 24.7 16 16 3.5 22.3 16 16 13 4 20.3 16 16 13 4.5 18.3 16 16 13 5 16 15.8 13 9 6 13.6 13.6 12.2 9 7 10.5 10.7 10 [&hellip;]<\/p>\n","protected":false},"author":2,"featured_media":0,"parent":741,"menu_order":0,"comment_status":"closed","ping_status":"closed","template":"","meta":{"_acf_changed":false,"footnotes":""},"class_list":["post-182","page","type-page","status-publish","hentry"],"acf":[],"_links":{"self":[{"href":"https:\/\/kraana2.ee\/ru\/wp-json\/wp\/v2\/pages\/182","targetHints":{"allow":["GET"]}}],"collection":[{"href":"https:\/\/kraana2.ee\/ru\/wp-json\/wp\/v2\/pages"}],"about":[{"href":"https:\/\/kraana2.ee\/ru\/wp-json\/wp\/v2\/types\/page"}],"author":[{"embeddable":true,"href":"https:\/\/kraana2.ee\/ru\/wp-json\/wp\/v2\/users\/2"}],"replies":[{"embeddable":true,"href":"https:\/\/kraana2.ee\/ru\/wp-json\/wp\/v2\/comments?post=182"}],"version-history":[{"count":3,"href":"https:\/\/kraana2.ee\/ru\/wp-json\/wp\/v2\/pages\/182\/revisions"}],"predecessor-version":[{"id":1393,"href":"https:\/\/kraana2.ee\/ru\/wp-json\/wp\/v2\/pages\/182\/revisions\/1393"}],"up":[{"embeddable":true,"href":"https:\/\/kraana2.ee\/ru\/wp-json\/wp\/v2\/pages\/741"}],"wp:attachment":[{"href":"https:\/\/kraana2.ee\/ru\/wp-json\/wp\/v2\/media?parent=182"}],"curies":[{"name":"wp","href":"https:\/\/api.w.org\/{rel}","templated":true}]}}