{"id":741,"date":"2022-08-29T09:45:45","date_gmt":"2022-08-29T09:45:45","guid":{"rendered":"https:\/\/kraana2.ee\/%d0%b0%d1%80%d0%b5%d0%bd%d0%b4%d0%b0-%d0%b0%d0%b2%d1%82%d0%be%d0%ba%d1%80%d0%b0%d0%bd%d0%be%d0%b2-%d0%b8-%d0%bf%d0%be%d0%b4%d1%8a%d1%91%d0%bc%d0%bd%d0%be%d0%b9-%d1%82%d0%b5%d1%85%d0%bd%d0%b8%d0%ba\/"},"modified":"2025-03-21T06:34:01","modified_gmt":"2025-03-21T06:34:01","slug":"%d0%b0%d1%80%d0%b5%d0%bd%d0%b4%d0%b0-%d0%b0%d0%b2%d1%82%d0%be%d0%ba%d1%80%d0%b0%d0%bd%d0%be%d0%b2-%d0%b8-%d0%bf%d0%be%d0%b4%d1%8a%d1%91%d0%bc%d0%bd%d0%be%d0%b9-%d1%82%d0%b5%d1%85%d0%bd%d0%b8%d0%ba","status":"publish","type":"page","link":"https:\/\/kraana2.ee\/ru\/","title":{"rendered":"\u0410\u0440\u0435\u043d\u0434\u0430 \u0430\u0432\u0442\u043e\u043a\u0440\u0430\u043d\u043e\u0432 \u0438 \u043f\u043e\u0434\u044a\u0451\u043c\u043d\u043e\u0439 \u0442\u0435\u0445\u043d\u0438\u043a\u0438"},"content":{"rendered":"\t\t<div data-elementor-type=\"wp-page\" data-elementor-id=\"741\" class=\"elementor elementor-741 elementor-727\" data-elementor-post-type=\"page\">\n\t\t\t\t\t\t<section class=\"elementor-section elementor-top-section elementor-element elementor-element-b5ec89c elementor-section-boxed elementor-section-height-default elementor-section-height-default\" data-id=\"b5ec89c\" data-element_type=\"section\" data-e-type=\"section\">\n\t\t\t\t\t\t<div class=\"elementor-container elementor-column-gap-default\">\n\t\t\t\t\t<div class=\"elementor-column elementor-col-33 elementor-top-column elementor-element elementor-element-03ca03a\" data-id=\"03ca03a\" data-element_type=\"column\" data-e-type=\"column\">\n\t\t\t<div class=\"elementor-widget-wrap elementor-element-populated\">\n\t\t\t\t\t\t<div class=\"elementor-element elementor-element-de3a756 elementor-nav-menu__align-start elementor-nav-menu--dropdown-none elementor-widget elementor-widget-global elementor-global-915 elementor-global-756 elementor-widget-nav-menu\" data-id=\"de3a756\" data-element_type=\"widget\" data-e-type=\"widget\" data-settings=\"{&quot;layout&quot;:&quot;vertical&quot;,&quot;submenu_icon&quot;:{&quot;value&quot;:&quot;&quot;,&quot;library&quot;:&quot;&quot;}}\" data-widget_type=\"nav-menu.default\">\n\t\t\t\t<div class=\"elementor-widget-container\">\n\t\t\t\t\t\t\t\t<nav aria-label=\"\u041c\u0435\u043d\u044e\" class=\"elementor-nav-menu--main elementor-nav-menu__container elementor-nav-menu--layout-vertical e--pointer-background e--animation-fade\">\n\t\t\t\t<ul id=\"menu-1-de3a756\" class=\"elementor-nav-menu sm-vertical\"><li class=\"menu-item menu-item-type-post_type menu-item-object-page menu-item-831\"><a href=\"https:\/\/kraana2.ee\/ru\/%d0%b0%d1%80%d0%b5%d0%bd%d0%b4%d0%b0-%d0%b0%d0%b2%d1%82%d0%be%d0%ba%d1%80%d0%b0%d0%bd%d0%be%d0%b2-%d0%b8-%d0%bf%d0%be%d0%b4%d1%8a%d1%91%d0%bc%d0%bd%d0%be%d0%b9-%d1%82%d0%b5%d1%85%d0%bd%d0%b8%d0%ba\/30%d1%82-%d1%82%d0%b5%d1%80%d0%b5%d1%85-%d0%b4%d0%b5%d0%bc%d0%b0%d0%b3-%d0%b0%d1%8130-%d1%81%d0%b8%d1%82%d0%b8\/\" class=\"elementor-item\">30t Terex-Demag AC30 City<\/a><\/li>\n<li class=\"menu-item menu-item-type-post_type menu-item-object-page menu-item-917\"><a href=\"https:\/\/kraana2.ee\/ru\/%d0%b0%d1%80%d0%b5%d0%bd%d0%b4%d0%b0-%d0%b0%d0%b2%d1%82%d0%be%d0%ba%d1%80%d0%b0%d0%bd%d0%be%d0%b2-%d0%b8-%d0%bf%d0%be%d0%b4%d1%8a%d1%91%d0%bc%d0%bd%d0%be%d0%b9-%d1%82%d0%b5%d1%85%d0%bd%d0%b8%d0%ba\/35t-liebherr-ltm-1030\/\" class=\"elementor-item\">35t Liebherr LTM 1030<\/a><\/li>\n<li class=\"menu-item menu-item-type-post_type menu-item-object-page menu-item-918\"><a href=\"https:\/\/kraana2.ee\/ru\/%d0%b0%d1%80%d0%b5%d0%bd%d0%b4%d0%b0-%d0%b0%d0%b2%d1%82%d0%be%d0%ba%d1%80%d0%b0%d0%bd%d0%be%d0%b2-%d0%b8-%d0%bf%d0%be%d0%b4%d1%8a%d1%91%d0%bc%d0%bd%d0%be%d0%b9-%d1%82%d0%b5%d1%85%d0%bd%d0%b8%d0%ba\/55t-liebherr-ltm-1055-3\/\" class=\"elementor-item\">55\u0442 \u041b\u0438\u0431\u0445\u0435\u0440 \u041b\u0422\u041c 1055-3<\/a><\/li>\n<li class=\"menu-item menu-item-type-post_type menu-item-object-page menu-item-1145\"><a href=\"https:\/\/kraana2.ee\/ru\/%d0%b0%d1%80%d0%b5%d0%bd%d0%b4%d0%b0-%d0%b0%d0%b2%d1%82%d0%be%d0%ba%d1%80%d0%b0%d0%bd%d0%be%d0%b2-%d0%b8-%d0%bf%d0%be%d0%b4%d1%8a%d1%91%d0%bc%d0%bd%d0%be%d0%b9-%d1%82%d0%b5%d1%85%d0%bd%d0%b8%d0%ba\/70%d1%82-%d1%82%d0%b0%d0%b4%d0%b0%d0%bd%d0%be-%d1%84%d0%b0%d0%b2%d0%bd-%d0%b0%d1%82%d1%84-70%d0%b3-4\/\" class=\"elementor-item\">70\u0442 \u0422\u0430\u0434\u0430\u043d\u043e-\u0424\u0430\u0432\u043d \u0410\u0422\u0424 70\u0413-4<\/a><\/li>\n<li class=\"menu-item menu-item-type-post_type menu-item-object-page menu-item-1146\"><a href=\"https:\/\/kraana2.ee\/ru\/%d0%b0%d1%80%d0%b5%d0%bd%d0%b4%d0%b0-%d0%b0%d0%b2%d1%82%d0%be%d0%ba%d1%80%d0%b0%d0%bd%d0%be%d0%b2-%d0%b8-%d0%bf%d0%be%d0%b4%d1%8a%d1%91%d0%bc%d0%bd%d0%be%d0%b9-%d1%82%d0%b5%d1%85%d0%bd%d0%b8%d0%ba\/70t-%d0%bb%d0%b8%d0%b1%d1%85%d0%b5%d1%80-%d0%bb%d1%82%d0%bc-1070\/\" class=\"elementor-item\">70t \u041b\u0438\u0431\u0445\u0435\u0440 \u041b\u0422\u041c 1070<\/a><\/li>\n<li class=\"menu-item menu-item-type-post_type menu-item-object-page menu-item-1374\"><a href=\"https:\/\/kraana2.ee\/ru\/%d0%b0%d1%80%d0%b5%d0%bd%d0%b4%d0%b0-%d0%b0%d0%b2%d1%82%d0%be%d0%ba%d1%80%d0%b0%d0%bd%d0%be%d0%b2-%d0%b8-%d0%bf%d0%be%d0%b4%d1%8a%d1%91%d0%bc%d0%bd%d0%be%d0%b9-%d1%82%d0%b5%d1%85%d0%bd%d0%b8%d0%ba\/tadano-faun-atf-110g-5\/\" class=\"elementor-item\">Tadano Faun ATF 110G-5<\/a><\/li>\n<\/ul>\t\t\t<\/nav>\n\t\t\t\t\t\t<nav class=\"elementor-nav-menu--dropdown elementor-nav-menu__container\" aria-hidden=\"true\">\n\t\t\t\t<ul id=\"menu-2-de3a756\" class=\"elementor-nav-menu sm-vertical\"><li class=\"menu-item menu-item-type-post_type menu-item-object-page menu-item-831\"><a href=\"https:\/\/kraana2.ee\/ru\/%d0%b0%d1%80%d0%b5%d0%bd%d0%b4%d0%b0-%d0%b0%d0%b2%d1%82%d0%be%d0%ba%d1%80%d0%b0%d0%bd%d0%be%d0%b2-%d0%b8-%d0%bf%d0%be%d0%b4%d1%8a%d1%91%d0%bc%d0%bd%d0%be%d0%b9-%d1%82%d0%b5%d1%85%d0%bd%d0%b8%d0%ba\/30%d1%82-%d1%82%d0%b5%d1%80%d0%b5%d1%85-%d0%b4%d0%b5%d0%bc%d0%b0%d0%b3-%d0%b0%d1%8130-%d1%81%d0%b8%d1%82%d0%b8\/\" class=\"elementor-item\" tabindex=\"-1\">30t Terex-Demag AC30 City<\/a><\/li>\n<li class=\"menu-item menu-item-type-post_type menu-item-object-page menu-item-917\"><a href=\"https:\/\/kraana2.ee\/ru\/%d0%b0%d1%80%d0%b5%d0%bd%d0%b4%d0%b0-%d0%b0%d0%b2%d1%82%d0%be%d0%ba%d1%80%d0%b0%d0%bd%d0%be%d0%b2-%d0%b8-%d0%bf%d0%be%d0%b4%d1%8a%d1%91%d0%bc%d0%bd%d0%be%d0%b9-%d1%82%d0%b5%d1%85%d0%bd%d0%b8%d0%ba\/35t-liebherr-ltm-1030\/\" class=\"elementor-item\" tabindex=\"-1\">35t Liebherr LTM 1030<\/a><\/li>\n<li class=\"menu-item menu-item-type-post_type menu-item-object-page menu-item-918\"><a href=\"https:\/\/kraana2.ee\/ru\/%d0%b0%d1%80%d0%b5%d0%bd%d0%b4%d0%b0-%d0%b0%d0%b2%d1%82%d0%be%d0%ba%d1%80%d0%b0%d0%bd%d0%be%d0%b2-%d0%b8-%d0%bf%d0%be%d0%b4%d1%8a%d1%91%d0%bc%d0%bd%d0%be%d0%b9-%d1%82%d0%b5%d1%85%d0%bd%d0%b8%d0%ba\/55t-liebherr-ltm-1055-3\/\" class=\"elementor-item\" tabindex=\"-1\">55\u0442 \u041b\u0438\u0431\u0445\u0435\u0440 \u041b\u0422\u041c 1055-3<\/a><\/li>\n<li class=\"menu-item menu-item-type-post_type menu-item-object-page menu-item-1145\"><a href=\"https:\/\/kraana2.ee\/ru\/%d0%b0%d1%80%d0%b5%d0%bd%d0%b4%d0%b0-%d0%b0%d0%b2%d1%82%d0%be%d0%ba%d1%80%d0%b0%d0%bd%d0%be%d0%b2-%d0%b8-%d0%bf%d0%be%d0%b4%d1%8a%d1%91%d0%bc%d0%bd%d0%be%d0%b9-%d1%82%d0%b5%d1%85%d0%bd%d0%b8%d0%ba\/70%d1%82-%d1%82%d0%b0%d0%b4%d0%b0%d0%bd%d0%be-%d1%84%d0%b0%d0%b2%d0%bd-%d0%b0%d1%82%d1%84-70%d0%b3-4\/\" class=\"elementor-item\" tabindex=\"-1\">70\u0442 \u0422\u0430\u0434\u0430\u043d\u043e-\u0424\u0430\u0432\u043d \u0410\u0422\u0424 70\u0413-4<\/a><\/li>\n<li class=\"menu-item menu-item-type-post_type menu-item-object-page menu-item-1146\"><a href=\"https:\/\/kraana2.ee\/ru\/%d0%b0%d1%80%d0%b5%d0%bd%d0%b4%d0%b0-%d0%b0%d0%b2%d1%82%d0%be%d0%ba%d1%80%d0%b0%d0%bd%d0%be%d0%b2-%d0%b8-%d0%bf%d0%be%d0%b4%d1%8a%d1%91%d0%bc%d0%bd%d0%be%d0%b9-%d1%82%d0%b5%d1%85%d0%bd%d0%b8%d0%ba\/70t-%d0%bb%d0%b8%d0%b1%d1%85%d0%b5%d1%80-%d0%bb%d1%82%d0%bc-1070\/\" class=\"elementor-item\" tabindex=\"-1\">70t \u041b\u0438\u0431\u0445\u0435\u0440 \u041b\u0422\u041c 1070<\/a><\/li>\n<li class=\"menu-item menu-item-type-post_type menu-item-object-page menu-item-1374\"><a href=\"https:\/\/kraana2.ee\/ru\/%d0%b0%d1%80%d0%b5%d0%bd%d0%b4%d0%b0-%d0%b0%d0%b2%d1%82%d0%be%d0%ba%d1%80%d0%b0%d0%bd%d0%be%d0%b2-%d0%b8-%d0%bf%d0%be%d0%b4%d1%8a%d1%91%d0%bc%d0%bd%d0%be%d0%b9-%d1%82%d0%b5%d1%85%d0%bd%d0%b8%d0%ba\/tadano-faun-atf-110g-5\/\" class=\"elementor-item\" tabindex=\"-1\">Tadano Faun ATF 110G-5<\/a><\/li>\n<\/ul>\t\t\t<\/nav>\n\t\t\t\t\t\t<\/div>\n\t\t\t\t<\/div>\n\t\t\t\t\t<\/div>\n\t\t<\/div>\n\t\t\t\t<div class=\"elementor-column elementor-col-66 elementor-top-column elementor-element elementor-element-34b03ad\" data-id=\"34b03ad\" data-element_type=\"column\" data-e-type=\"column\">\n\t\t\t<div class=\"elementor-widget-wrap elementor-element-populated\">\n\t\t\t\t\t\t<div class=\"elementor-element elementor-element-f8ca143 elementor-widget elementor-widget-image\" data-id=\"f8ca143\" data-element_type=\"widget\" data-e-type=\"widget\" data-widget_type=\"image.default\">\n\t\t\t\t<div class=\"elementor-widget-container\">\n\t\t\t\t\t\t\t\t\t\t\t\t\t\t\t<img fetchpriority=\"high\" decoding=\"async\" width=\"606\" height=\"455\" src=\"https:\/\/kraana2.ee\/wp-content\/uploads\/2013\/12\/20160922_171218.jpg\" class=\"attachment-large size-large wp-image-641\" alt=\"\" srcset=\"https:\/\/kraana2.ee\/wp-content\/uploads\/2013\/12\/20160922_171218.jpg 606w, https:\/\/kraana2.ee\/wp-content\/uploads\/2013\/12\/20160922_171218-300x225.jpg 300w\" sizes=\"(max-width: 606px) 100vw, 606px\" \/>\t\t\t\t\t\t\t\t\t\t\t\t\t\t\t<\/div>\n\t\t\t\t<\/div>\n\t\t\t\t\t<\/div>\n\t\t<\/div>\n\t\t\t\t\t<\/div>\n\t\t<\/section>\n\t\t\t\t<section class=\"elementor-section elementor-top-section elementor-element elementor-element-66f77feb elementor-section-boxed elementor-section-height-default elementor-section-height-default\" data-id=\"66f77feb\" data-element_type=\"section\" data-e-type=\"section\">\n\t\t\t\t\t\t<div class=\"elementor-container elementor-column-gap-default\">\n\t\t\t\t\t<div class=\"elementor-column elementor-col-50 elementor-top-column elementor-element elementor-element-7a096123\" data-id=\"7a096123\" data-element_type=\"column\" data-e-type=\"column\">\n\t\t\t<div class=\"elementor-widget-wrap elementor-element-populated\">\n\t\t\t\t\t\t<div class=\"elementor-element elementor-element-4df9e7e0 elementor-widget elementor-widget-heading\" data-id=\"4df9e7e0\" data-element_type=\"widget\" data-e-type=\"widget\" data-widget_type=\"heading.default\">\n\t\t\t\t<div class=\"elementor-widget-container\">\n\t\t\t\t\t<h2 class=\"elementor-heading-title elementor-size-default\">Kraana Kaks O\u00dc<\/h2>\t\t\t\t<\/div>\n\t\t\t\t<\/div>\n\t\t\t\t<div class=\"elementor-element elementor-element-79bda4f elementor-icon-list--layout-traditional elementor-list-item-link-full_width elementor-widget elementor-widget-icon-list\" data-id=\"79bda4f\" data-element_type=\"widget\" data-e-type=\"widget\" data-widget_type=\"icon-list.default\">\n\t\t\t\t<div class=\"elementor-widget-container\">\n\t\t\t\t\t\t\t<ul class=\"elementor-icon-list-items\">\n\t\t\t\t\t\t\t<li class=\"elementor-icon-list-item\">\n\t\t\t\t\t\t\t\t\t\t\t<span class=\"elementor-icon-list-icon\">\n\t\t\t\t\t\t\t<i aria-hidden=\"true\" class=\"fas fa-map-pin\"><\/i>\t\t\t\t\t\t<\/span>\n\t\t\t\t\t\t\t\t\t\t<span class=\"elementor-icon-list-text\">Suur-S\u00f5jam\u00e4e 14, 11415 \u0422\u0430\u043b\u043b\u0438\u043d\u043d<\/span>\n\t\t\t\t\t\t\t\t\t<\/li>\n\t\t\t\t\t\t\t\t<li class=\"elementor-icon-list-item\">\n\t\t\t\t\t\t\t\t\t\t\t<a href=\"tel:+372%206585188\">\n\n\t\t\t\t\t\t\t\t\t\t\t\t<span class=\"elementor-icon-list-icon\">\n\t\t\t\t\t\t\t<i aria-hidden=\"true\" class=\"fas fa-phone-alt\"><\/i>\t\t\t\t\t\t<\/span>\n\t\t\t\t\t\t\t\t\t\t<span class=\"elementor-icon-list-text\">+372 6585188<\/span>\n\t\t\t\t\t\t\t\t\t\t\t<\/a>\n\t\t\t\t\t\t\t\t\t<\/li>\n\t\t\t\t\t\t\t\t<li class=\"elementor-icon-list-item\">\n\t\t\t\t\t\t\t\t\t\t\t<a href=\"mailto:%20info@kraana2.ee\">\n\n\t\t\t\t\t\t\t\t\t\t\t\t<span class=\"elementor-icon-list-icon\">\n\t\t\t\t\t\t\t<i aria-hidden=\"true\" class=\"far fa-envelope\"><\/i>\t\t\t\t\t\t<\/span>\n\t\t\t\t\t\t\t\t\t\t<span class=\"elementor-icon-list-text\">\u0415\u043c\u0430\u0438\u043b: info@kraana2.ee<\/span>\n\t\t\t\t\t\t\t\t\t\t\t<\/a>\n\t\t\t\t\t\t\t\t\t<\/li>\n\t\t\t\t\t\t<\/ul>\n\t\t\t\t\t\t<\/div>\n\t\t\t\t<\/div>\n\t\t\t\t\t<\/div>\n\t\t<\/div>\n\t\t\t\t<div class=\"elementor-column elementor-col-50 elementor-top-column elementor-element elementor-element-6ea0613e\" data-id=\"6ea0613e\" data-element_type=\"column\" data-e-type=\"column\">\n\t\t\t<div class=\"elementor-widget-wrap elementor-element-populated\">\n\t\t\t\t\t\t<div class=\"elementor-element elementor-element-1f7239b1 elementor-widget elementor-widget-heading\" data-id=\"1f7239b1\" data-element_type=\"widget\" data-e-type=\"widget\" data-widget_type=\"heading.default\">\n\t\t\t\t<div class=\"elementor-widget-container\">\n\t\t\t\t\t<h2 class=\"elementor-heading-title elementor-size-default\">\u0418\u043d\u0444\u043e \u0438 \u0430\u0440\u0435\u043d\u0434\u0430 \u0422\u0430\u043b\u043b\u0438\u043d\u043d<\/h2>\t\t\t\t<\/div>\n\t\t\t\t<\/div>\n\t\t\t\t<div class=\"elementor-element elementor-element-42071ef elementor-icon-list--layout-traditional elementor-list-item-link-full_width elementor-widget elementor-widget-global elementor-global-1276 elementor-global-1250 elementor-widget-icon-list\" data-id=\"42071ef\" data-element_type=\"widget\" data-e-type=\"widget\" data-widget_type=\"icon-list.default\">\n\t\t\t\t<div class=\"elementor-widget-container\">\n\t\t\t\t\t\t\t<ul class=\"elementor-icon-list-items\">\n\t\t\t\t\t\t\t<li class=\"elementor-icon-list-item\">\n\t\t\t\t\t\t\t\t\t\t\t<a href=\"\">\n\n\t\t\t\t\t\t\t\t\t\t\t\t<span class=\"elementor-icon-list-icon\">\n\t\t\t\t\t\t\t<i aria-hidden=\"true\" class=\"fas fa-phone-alt\"><\/i>\t\t\t\t\t\t<\/span>\n\t\t\t\t\t\t\t\t\t\t<span class=\"elementor-icon-list-text\">\u0422\u0435\u043b: +372 5178568<\/span>\n\t\t\t\t\t\t\t\t\t\t\t<\/a>\n\t\t\t\t\t\t\t\t\t<\/li>\n\t\t\t\t\t\t\t\t<li class=\"elementor-icon-list-item\">\n\t\t\t\t\t\t\t\t\t\t\t<a href=\"https:\/\/wa.me\/+372%205178568%20\" target=\"_blank\" rel=\"noopener\">\n\n\t\t\t\t\t\t\t\t\t\t\t\t<span class=\"elementor-icon-list-icon\">\n\t\t\t\t\t\t\t<i aria-hidden=\"true\" class=\"fab fa-whatsapp\"><\/i>\t\t\t\t\t\t<\/span>\n\t\t\t\t\t\t\t\t\t\t<span class=\"elementor-icon-list-text\">  +372 5178568<\/span>\n\t\t\t\t\t\t\t\t\t\t\t<\/a>\n\t\t\t\t\t\t\t\t\t<\/li>\n\t\t\t\t\t\t\t\t<li class=\"elementor-icon-list-item\">\n\t\t\t\t\t\t\t\t\t\t\t<a href=\"mailto:%20info@kraana2.ee\">\n\n\t\t\t\t\t\t\t\t\t\t\t\t<span class=\"elementor-icon-list-icon\">\n\t\t\t\t\t\t\t<i aria-hidden=\"true\" class=\"far fa-envelope\"><\/i>\t\t\t\t\t\t<\/span>\n\t\t\t\t\t\t\t\t\t\t<span class=\"elementor-icon-list-text\">\u0415\u043c\u0430\u0438\u043b: info@kraana2.ee<\/span>\n\t\t\t\t\t\t\t\t\t\t\t<\/a>\n\t\t\t\t\t\t\t\t\t<\/li>\n\t\t\t\t\t\t<\/ul>\n\t\t\t\t\t\t<\/div>\n\t\t\t\t<\/div>\n\t\t\t\t\t<\/div>\n\t\t<\/div>\n\t\t\t\t\t<\/div>\n\t\t<\/section>\n\t\t\t\t<\/div>\n\t\t","protected":false},"excerpt":{"rendered":"<p>Kraana Kaks O\u00dc Suur-S\u00f5jam\u00e4e 14, 11415 \u0422\u0430\u043b\u043b\u0438\u043d\u043d +372 6585188 \u0415\u043c\u0430\u0438\u043b: info@kraana2.ee \u0418\u043d\u0444\u043e \u0438 \u0430\u0440\u0435\u043d\u0434\u0430 \u0422\u0430\u043b\u043b\u0438\u043d\u043d Tel: +372 5178568 +372 5178568 E-mail: info@kraana2.ee<\/p>\n","protected":false},"author":1,"featured_media":0,"parent":0,"menu_order":0,"comment_status":"closed","ping_status":"closed","template":"","meta":{"_acf_changed":false,"footnotes":""},"class_list":["post-741","page","type-page","status-publish","hentry"],"acf":[],"_links":{"self":[{"href":"https:\/\/kraana2.ee\/ru\/wp-json\/wp\/v2\/pages\/741","targetHints":{"allow":["GET"]}}],"collection":[{"href":"https:\/\/kraana2.ee\/ru\/wp-json\/wp\/v2\/pages"}],"about":[{"href":"https:\/\/kraana2.ee\/ru\/wp-json\/wp\/v2\/types\/page"}],"author":[{"embeddable":true,"href":"https:\/\/kraana2.ee\/ru\/wp-json\/wp\/v2\/users\/1"}],"replies":[{"embeddable":true,"href":"https:\/\/kraana2.ee\/ru\/wp-json\/wp\/v2\/comments?post=741"}],"version-history":[{"count":6,"href":"https:\/\/kraana2.ee\/ru\/wp-json\/wp\/v2\/pages\/741\/revisions"}],"predecessor-version":[{"id":1387,"href":"https:\/\/kraana2.ee\/ru\/wp-json\/wp\/v2\/pages\/741\/revisions\/1387"}],"wp:attachment":[{"href":"https:\/\/kraana2.ee\/ru\/wp-json\/wp\/v2\/media?parent=741"}],"curies":[{"name":"wp","href":"https:\/\/api.w.org\/{rel}","templated":true}]}}